{"id":28241,"date":"2024-11-12T13:36:17","date_gmt":"2024-11-12T13:36:17","guid":{"rendered":"https:\/\/prismtechsupply.com\/?post_type=product&#038;p=28241"},"modified":"2024-11-23T01:35:24","modified_gmt":"2024-11-23T01:35:24","slug":"dahua-lite-plus-series-4k-wdr-hfw1801r-z-ire6","status":"publish","type":"product","link":"https:\/\/prismtechsupply.com\/index.php\/product\/dahua-lite-plus-series-4k-wdr-hfw1801r-z-ire6\/","title":{"rendered":"Dahua Lite Plus Series 4K WDR HFW1801R-Z-IRE6"},"content":{"rendered":"<table class=\" table table-condensed table-bordered table\">\n<tbody>\n<tr>\n<td colspan=\"6\"><strong>Camera<\/strong><\/td>\n<\/tr>\n<tr>\n<td>Image Sensor<\/td>\n<td colspan=\"5\">1\/2.7 inch CMOS<\/td>\n<\/tr>\n<tr>\n<td>Effective Pixels<\/td>\n<td colspan=\"5\">3840 (H)\u00d72160 (V), 4K<\/td>\n<\/tr>\n<tr>\n<td>Electronic Shutter Speed<\/td>\n<td colspan=\"5\">PAL: 1\/3s\u20131\/100000s<br \/>\nNTSC: 1\/4s\u20131\/100000s<\/td>\n<\/tr>\n<tr>\n<td>Minimum Illumination<\/td>\n<td colspan=\"5\">0.03Lux\/F1.7, 30IRE, 0Lux IR on<\/td>\n<\/tr>\n<tr>\n<td>IR Distance<\/td>\n<td colspan=\"5\">Distance up to 60m (196.85ft)<\/td>\n<\/tr>\n<tr>\n<td>IR On\/Off Control<\/td>\n<td colspan=\"5\">Auto; manual<\/td>\n<\/tr>\n<tr>\n<td>IR LED Number<\/td>\n<td colspan=\"5\">4<\/td>\n<\/tr>\n<tr>\n<td>Pan\/Tilt\/Rotation Range<\/td>\n<td colspan=\"5\">Pan: 0\u00b0\u2013360\u00b0<br \/>\nTilt: 0\u00b0\u201390\u00b0<br \/>\nRotation: 0\u00b0\u2013360\u00b0<\/td>\n<\/tr>\n<tr>\n<td colspan=\"6\"><strong>Lens<\/strong><\/td>\n<\/tr>\n<tr>\n<td>Lens Type<\/td>\n<td colspan=\"5\">Motorized vari-focal<\/td>\n<\/tr>\n<tr>\n<td>Mount Type<\/td>\n<td colspan=\"5\">\u03c614<\/td>\n<\/tr>\n<tr>\n<td>Focal Length<\/td>\n<td colspan=\"5\">2.7 mm\u201313.5 mm<\/td>\n<\/tr>\n<tr>\n<td>Max. Aperture<\/td>\n<td colspan=\"5\">F1.7<\/td>\n<\/tr>\n<tr>\n<td>Angle of View<\/td>\n<td colspan=\"5\">Horizontal: 105\u00b0\u201333\u00b0<br \/>\nVertical: 56\u00b0\u201318\u00b0<br \/>\nDiagonal: 126\u00b0\u201338\u00b0<\/td>\n<\/tr>\n<tr>\n<td>Iris Type<\/td>\n<td colspan=\"5\">Fixed iris<\/td>\n<\/tr>\n<tr>\n<td>Auto Focus<\/td>\n<td colspan=\"5\">Yes<\/td>\n<\/tr>\n<tr>\n<td>Close Focus Distance<\/td>\n<td colspan=\"5\">0.8 m (2.62 ft)<\/td>\n<\/tr>\n<tr>\n<td rowspan=\"3\">DORI Distance<\/td>\n<td>Lens<\/td>\n<td>Detect<\/td>\n<td>Observe<\/td>\n<td>Recognize<\/td>\n<td>Identify<\/td>\n<\/tr>\n<tr>\n<td>Wide-angle<\/td>\n<td>90m (295ft)<\/td>\n<td>36m (118ft)<\/td>\n<td>18m (59ft)<\/td>\n<td>9m (30ft)<\/td>\n<\/tr>\n<tr>\n<td>Telephoto<\/td>\n<td>264m (866ft)<\/td>\n<td>106m (348ft)<\/td>\n<td>53m (174ft)<\/td>\n<td>26m (85ft)<\/td>\n<\/tr>\n<tr>\n<td colspan=\"6\"><strong>Video<\/strong><\/td>\n<\/tr>\n<tr>\n<td>Video Frame Rate<\/td>\n<td colspan=\"5\">CVI: 4K@15fps; 5M@20fps; 4M@25fps\/30fps<br \/>\nCVBS: PAL\/NTSC<br \/>\nAHD: 4K@15fps; 5M@20fps; 4M@25fps\/30fps<br \/>\nTVI: 4K@15fps; 5M@20fps; 4M@25fps\/30fps<\/td>\n<\/tr>\n<tr>\n<td>Resolution<\/td>\n<td colspan=\"5\">4K (3840\u00d72160); 5M (2592\u00d71944); 4M (2560\u00d71440); 960H (960\u00d7 576\/960\u00d7480)<\/td>\n<\/tr>\n<tr>\n<td>Day\/Night<\/td>\n<td colspan=\"5\">Auto switch by ICR<\/td>\n<\/tr>\n<tr>\n<td>BLC<\/td>\n<td colspan=\"5\">BLC\/HLC\/WDR<\/td>\n<\/tr>\n<tr>\n<td>WDR<\/td>\n<td colspan=\"5\">120dB\/WDR<\/td>\n<\/tr>\n<tr>\n<td>White Balance<\/td>\n<td colspan=\"5\">Auto; manual<\/td>\n<\/tr>\n<tr>\n<td>Gain Control<\/td>\n<td colspan=\"5\">Auto; manual<\/td>\n<\/tr>\n<tr>\n<td>Noise Reduction<\/td>\n<td colspan=\"5\">2D&amp;3D NR<\/td>\n<\/tr>\n<tr>\n<td>Smart IR<\/td>\n<td colspan=\"5\">Yes<\/td>\n<\/tr>\n<tr>\n<td>Electronic Defog<\/td>\n<td colspan=\"5\">Yes<\/td>\n<\/tr>\n<tr>\n<td>Digital Zoom<\/td>\n<td colspan=\"5\">4X<\/td>\n<\/tr>\n<tr>\n<td>Mirror<\/td>\n<td colspan=\"5\">Off\/On<\/td>\n<\/tr>\n<tr>\n<td>Privacy Masking<\/td>\n<td colspan=\"5\">Off\/On (8 area, rectangle)<\/td>\n<\/tr>\n<tr>\n<td colspan=\"6\"><strong>Certifications<\/strong><\/td>\n<\/tr>\n<tr>\n<td>Certifications<\/td>\n<td colspan=\"5\">CE (EN55032, EN55024, EN50130-4)<br \/>\nFCC (CFR 47 FCC Part 15 subpartB, ANSI C63.4-2014)<br \/>\nUL (UL60950-1+CAN\/CSA C22.2 No.60950-1)<\/td>\n<\/tr>\n<tr>\n<td colspan=\"6\"><strong>Port<\/strong><\/td>\n<\/tr>\n<tr>\n<td>Audio Port<\/td>\n<td colspan=\"5\">One channel built-in mic (-A)<\/td>\n<\/tr>\n<tr>\n<td>Video Port<\/td>\n<td colspan=\"5\">Video output choices of CVI\/TVI\/AHD\/CVBS by one BNC port<\/td>\n<\/tr>\n<tr>\n<td colspan=\"6\"><strong>Power<\/strong><\/td>\n<\/tr>\n<tr>\n<td>Power Supply<\/td>\n<td colspan=\"5\">12V \u00b130% DC<\/td>\n<\/tr>\n<tr>\n<td>Power Consumption<\/td>\n<td colspan=\"5\">Max 11W (12V DC, IR on)<\/td>\n<\/tr>\n<tr>\n<td colspan=\"6\"><strong>Environment<\/strong><\/td>\n<\/tr>\n<tr>\n<td>Operating Temperature<\/td>\n<td colspan=\"5\">-30\u00b0C to +60\u00b0C (-22\u00b0F to 140\u00b0F);&lt;95% (non-condensation)<\/td>\n<\/tr>\n<tr>\n<td>Storage Temperature<\/td>\n<td colspan=\"5\">-30\u00b0C to +60\u00b0C (-22\u00b0F to 140\u00b0F);&lt;95% (non-condensation)<\/td>\n<\/tr>\n<tr>\n<td>Protection Grade<\/td>\n<td colspan=\"5\">IP67<\/td>\n<\/tr>\n<tr>\n<td colspan=\"6\"><strong>Structure<\/strong><\/td>\n<\/tr>\n<tr>\n<td>Casing<\/td>\n<td colspan=\"5\">Metal throughout the whole casing<\/td>\n<\/tr>\n<tr>\n<td>Dimensions<\/td>\n<td colspan=\"5\">209.9mm\u00d790.4mm\u00d790.4mm (8.26\u2033\u00d73.56\u2033\u00d73.56\u2033)<\/td>\n<\/tr>\n<tr>\n<td>Net Weight<\/td>\n<td colspan=\"5\">0.55kg (1.21lb)<\/td>\n<\/tr>\n<tr>\n<td>Gross Weight<\/td>\n<td colspan=\"5\">0.7kg (1.54lb)<\/td>\n<\/tr>\n<\/tbody>\n<\/table>\n<p>&nbsp;<\/p>\n","protected":false},"excerpt":{"rendered":"<h2>4K HDCVI IR Bullet Camera<\/h2>\n<p><strong>Features:<\/strong><\/p>\n<ul>\n<li>120dB true WDR, 3D NR<\/li>\n<li>Max. 4K resolution<\/li>\n<li>CVI\/CVBS\/AHD\/TVI switchable<\/li>\n<li>Auto focus, 2.7-13.5mm motorized lens<\/li>\n<li>Built-in mic (-A)<\/li>\n<li>Max. IR length 60m, smart IR<\/li>\n<li>IP67, 12V \u00b130% DC<\/li>\n<\/ul>\n","protected":false},"featured_media":28242,"comment_status":"open","ping_status":"closed","template":"","meta":[],"product_cat":[124,136],"product_tag":[],"class_list":{"0":"post-28241","1":"product","2":"type-product","3":"status-publish","4":"has-post-thumbnail","6":"product_cat-cctv","7":"product_cat-lite-plus-series-4k-wdr","9":"first","10":"instock","11":"shipping-taxable","12":"purchasable","13":"product-type-simple"},"_links":{"self":[{"href":"https:\/\/prismtechsupply.com\/index.php\/wp-json\/wp\/v2\/product\/28241","targetHints":{"allow":["GET"]}}],"collection":[{"href":"https:\/\/prismtechsupply.com\/index.php\/wp-json\/wp\/v2\/product"}],"about":[{"href":"https:\/\/prismtechsupply.com\/index.php\/wp-json\/wp\/v2\/types\/product"}],"replies":[{"embeddable":true,"href":"https:\/\/prismtechsupply.com\/index.php\/wp-json\/wp\/v2\/comments?post=28241"}],"version-history":[{"count":1,"href":"https:\/\/prismtechsupply.com\/index.php\/wp-json\/wp\/v2\/product\/28241\/revisions"}],"predecessor-version":[{"id":28243,"href":"https:\/\/prismtechsupply.com\/index.php\/wp-json\/wp\/v2\/product\/28241\/revisions\/28243"}],"wp:featuredmedia":[{"embeddable":true,"href":"https:\/\/prismtechsupply.com\/index.php\/wp-json\/wp\/v2\/media\/28242"}],"wp:attachment":[{"href":"https:\/\/prismtechsupply.com\/index.php\/wp-json\/wp\/v2\/media?parent=28241"}],"wp:term":[{"taxonomy":"product_cat","embeddable":true,"href":"https:\/\/prismtechsupply.com\/index.php\/wp-json\/wp\/v2\/product_cat?post=28241"},{"taxonomy":"product_tag","embeddable":true,"href":"https:\/\/prismtechsupply.com\/index.php\/wp-json\/wp\/v2\/product_tag?post=28241"}],"curies":[{"name":"wp","href":"https:\/\/api.w.org\/{rel}","templated":true}]}}